{"id":786,"date":"2017-11-26T09:48:34","date_gmt":"2017-11-26T08:48:34","guid":{"rendered":"https:\/\/www.ledrar.com\/room-no-6\/"},"modified":"2026-03-18T14:53:38","modified_gmt":"2026-03-18T13:53:38","slug":"room-no-6","status":"publish","type":"page","link":"https:\/\/www.apartments-ledrar.com\/de\/room-no-6\/","title":{"rendered":"ROOM No. 6"},"content":{"rendered":"<p>[et_pb_section fb_built=&#8220;1&#8243; fullwidth=&#8220;on&#8220; _builder_version=&#8220;4.16&#8243; global_colors_info=&#8220;{}&#8220;][et_pb_fullwidth_header title=&#8220;ROOM No. 6&#8243; subhead=&#8220;2 persone&#8220; header_fullscreen=&#8220;on&#8220; header_scroll_down=&#8220;on&#8220; scroll_down_icon=&#8220;%%2%%&#8220; background_overlay_color=&#8220;rgba(0,0,0,0.21)&#8220; admin_label=&#8220;Fullwidth Header &#8211; ROOM No. 6&#8243; _builder_version=&#8220;4.21.0&#8243; title_font=&#8220;|700|||||||&#8220; title_text_align=&#8220;left&#8220; title_text_color=&#8220;#f48120&#8243; title_font_size=&#8220;56px&#8220; subhead_font_size=&#8220;35px&#8220; background_color=&#8220;rgba(255, 255, 255, 0)&#8220; background_image=&#8220;https:\/\/www.apartments-ledrar.com\/wp-content\/uploads\/2017\/11\/apartments-ledrar-bled-room6-1920-1080-1.jpg&#8220; title_font_size_tablet=&#8220;31px&#8220; title_font_size_phone=&#8220;25px&#8220; title_font_size_last_edited=&#8220;on|tablet&#8220; content_font_size_tablet=&#8220;&#8220; content_font_size_phone=&#8220;19px&#8220; content_font_size_last_edited=&#8220;on|desktop&#8220; subhead_font_size_tablet=&#8220;21px&#8220; subhead_font_size_phone=&#8220;17px&#8220; subhead_font_size_last_edited=&#8220;on|tablet&#8220; text_shadow_style=&#8220;preset1&#8243; global_colors_info=&#8220;{}&#8220; button_one_text_size__hover_enabled=&#8220;off&#8220; button_one_text_size__hover=&#8220;null&#8220; button_two_text_size__hover_enabled=&#8220;off&#8220; button_two_text_size__hover=&#8220;null&#8220; button_one_text_color__hover_enabled=&#8220;off&#8220; button_one_text_color__hover=&#8220;null&#8220; button_two_text_color__hover_enabled=&#8220;off&#8220; button_two_text_color__hover=&#8220;null&#8220; button_one_border_width__hover_enabled=&#8220;off&#8220; button_one_border_width__hover=&#8220;null&#8220; button_two_border_width__hover_enabled=&#8220;off&#8220; button_two_border_width__hover=&#8220;null&#8220; button_one_border_color__hover_enabled=&#8220;off&#8220; button_one_border_color__hover=&#8220;null&#8220; button_two_border_color__hover_enabled=&#8220;off&#8220; button_two_border_color__hover=&#8220;null&#8220; button_one_border_radius__hover_enabled=&#8220;off&#8220; button_one_border_radius__hover=&#8220;null&#8220; button_two_border_radius__hover_enabled=&#8220;off&#8220; button_two_border_radius__hover=&#8220;null&#8220; button_one_letter_spacing__hover_enabled=&#8220;off&#8220; button_one_letter_spacing__hover=&#8220;null&#8220; button_two_letter_spacing__hover_enabled=&#8220;off&#8220; button_two_letter_spacing__hover=&#8220;null&#8220; button_one_bg_color__hover_enabled=&#8220;off&#8220; button_one_bg_color__hover=&#8220;null&#8220; button_two_bg_color__hover_enabled=&#8220;off&#8220; button_two_bg_color__hover=&#8220;null&#8220;][\/et_pb_fullwidth_header][\/et_pb_section][et_pb_section fb_built=&#8220;1&#8243; _builder_version=&#8220;4.16&#8243; custom_padding=&#8220;|0px|0px|0px&#8220; global_colors_info=&#8220;{}&#8220;][et_pb_row _builder_version=&#8220;4.16&#8243; background_size=&#8220;initial&#8220; background_position=&#8220;top_left&#8220; background_repeat=&#8220;repeat&#8220; global_colors_info=&#8220;{}&#8220;][et_pb_column type=&#8220;4_4&#8243; _builder_version=&#8220;4.16&#8243; custom_padding=&#8220;|||&#8220; global_colors_info=&#8220;{}&#8220; custom_padding__hover=&#8220;|||&#8220;][et_pb_blurb title=&#8220;ROOM No. 6&#8243; admin_label=&#8220;Blurb &#8211; ROOM No. 5 &#8211; Doppelzimmer mit eigenem Bad. Gr\u00f6\u00dfe 14 m2.&#8220; _builder_version=&#8220;4.16&#8243; header_level=&#8220;h2&#8243; text_orientation=&#8220;center&#8220; use_circle=&#8220;off&#8220; use_circle_border=&#8220;off&#8220; global_colors_info=&#8220;{}&#8220;]Doppelzimmer mit eigenem Bad. Gr\u00f6\u00dfe 14 m2.<br \/>\n[\/et_pb_blurb][\/et_pb_column][\/et_pb_row][et_pb_row column_structure=&#8220;1_2,1_2&#8243; _builder_version=&#8220;4.27.6&#8243; background_size=&#8220;initial&#8220; background_position=&#8220;top_left&#8220; background_repeat=&#8220;repeat&#8220; global_colors_info=&#8220;{}&#8220; theme_builder_area=&#8220;post_content&#8220;][et_pb_column type=&#8220;1_2&#8243; _builder_version=&#8220;4.16&#8243; custom_padding=&#8220;|||&#8220; global_colors_info=&#8220;{}&#8220; custom_padding__hover=&#8220;|||&#8220; theme_builder_area=&#8220;post_content&#8220;][et_pb_text admin_label=&#8220;Text &#8211; Apartments Ledrar hat drei Zimmer und zwei Wohnungen.&#8220; _builder_version=&#8220;4.16&#8243; text_font=&#8220;|300|||||||&#8220; global_colors_info=&#8220;{}&#8220; theme_builder_area=&#8220;post_content&#8220;]<\/p>\n<p>Apartments Ledrar hat drei Zimmer und zwei Wohnungen. F\u00fcr jede Wohneinheit haben wir uns der besten Ausstattung verschrieben &#8211; wir haben an Sie gedacht, damit Sie sich wie zu Hause f\u00fchlen.<br \/>\nDie Wohneinheiten sind ger\u00e4umig, klimatisiert, komfortabel, in einem modernen Stil eingerichtet, mit hochwertigen M\u00f6beln, die wir mit modernen Informations- und Kommunikationstechnologien (Kabel, TV, Telefon) kombinieren. Beide Wohnungen verf\u00fcgen \u00fcber die modernste K\u00fcche und Ausstattung.<br \/>\nAlle Einheiten verf\u00fcgen \u00fcber ein eigenes modernes Bad mit Dusche und anderen Interieurs.<br \/>\nAlle Wohneinheiten \u00f6ffnen sich auf den Balkon, der in den w\u00e4rmeren Monaten mit bunten Blumen geschm\u00fcckt ist. Wann immer Sie darauf treten und frische Bledluft einatmen oder einfach nur sitzen und die Aussicht genie\u00dfen k\u00f6nnen.<br \/>\nWohneinheiten sind mit funkelnden Ideen, winzigen und liebevollen \u00dcberraschungen ausgestattet, mit denen wir Ihnen sagen m\u00f6chten, wie wichtig Sie f\u00fcr uns sind. Mit ihnen und mit anderen Aufmerksamkeiten erkl\u00e4ren wir Ihnen inoffiziell, dass Sie sich w\u00e4hrend Ihres Aufenthalts als unser Freund, als Teil unserer Familie f\u00fchlen.<\/p>\n<p>[\/et_pb_text][et_pb_text _builder_version=&#8220;4.27.6&#8243; _module_preset=&#8220;default&#8220; hover_enabled=&#8220;0&#8243; global_colors_info=&#8220;{}&#8220; theme_builder_area=&#8220;post_content&#8220; sticky_enabled=&#8220;0&#8243;]<script src=\"\/\/www.bentral.com\/service\/embed\/price-list.js?uid=5f5459784e6a454d&#038;unit=5f5459784e6a454d&#038;id=5f6a6b774d515f4e&#038;width=full&#038;poweredby=0&#038;lang=de&#038;key=3e16681fe8705a1cbc60b9cac5b2de13\"><\/script>[\/et_pb_text][\/et_pb_column][et_pb_column type=&#8220;1_2&#8243; _builder_version=&#8220;4.16&#8243; custom_padding=&#8220;|||&#8220; global_colors_info=&#8220;{}&#8220; custom_padding__hover=&#8220;|||&#8220; theme_builder_area=&#8220;post_content&#8220;][et_pb_text admin_label=&#8220;Reservierung&#8220; _builder_version=&#8220;4.27.6&#8243; _module_preset=&#8220;default&#8220; hover_enabled=&#8220;0&#8243; global_colors_info=&#8220;{}&#8220; theme_builder_area=&#8220;post_content&#8220; sticky_enabled=&#8220;0&#8243;]<\/p>\n<h3>Reservierung<\/h3>\n<p><script src=\"\/\/www.bentral.com\/service\/embed\/booking.js?id=5f6a6b774d515f4e&#038;unit=5f5459784e6a454d&#038;width=full&#038;btn-bg=f5821f&#038;poweredby=0&#038;lang=de&#038;key=3e16681fe8705a1cbc60b9cac5b2de13\"><\/script>[\/et_pb_text][\/et_pb_column][\/et_pb_row][et_pb_row _builder_version=&#8220;4.21.0&#8243; _module_preset=&#8220;default&#8220; locked=&#8220;off&#8220; global_colors_info=&#8220;{}&#8220;][et_pb_column type=&#8220;4_4&#8243; _builder_version=&#8220;4.21.0&#8243; _module_preset=&#8220;default&#8220; global_colors_info=&#8220;{}&#8220;][dsm_masonry_gallery gallery_ids=&#8220;551,547,543,539&#8243; columns=&#8220;2&#8243; use_lightbox=&#8220;on&#8220; use_horizontal_order=&#8220;off&#8220; use_zoom_on_hover=&#8220;on&#8220; columns_tablet=&#8220;2&#8243; columns_phone=&#8220;1&#8243; columns_last_edited=&#8220;on|desktop&#8220; _builder_version=&#8220;4.21.0&#8243; _module_preset=&#8220;default&#8220; locked=&#8220;off&#8220; global_colors_info=&#8220;{}&#8220;][\/dsm_masonry_gallery][\/et_pb_column][\/et_pb_row][\/et_pb_section][et_pb_section fb_built=&#8220;1&#8243; _builder_version=&#8220;4.21.0&#8243; background_color=&#8220;#F5F6F7&#8243; custom_padding=&#8220;||0px|&#8220; z_index_tablet=&#8220;500&#8243; global_colors_info=&#8220;{}&#8220;][et_pb_row column_structure=&#8220;1_2,1_2&#8243; _builder_version=&#8220;4.19.4&#8243; _module_preset=&#8220;default&#8220; global_module=&#8220;285542&#8243; saved_tabs=&#8220;all&#8220; global_colors_info=&#8220;{}&#8220;][et_pb_column type=&#8220;1_2&#8243; _builder_version=&#8220;4.19.4&#8243; _module_preset=&#8220;default&#8220; global_colors_info=&#8220;{}&#8220;][et_pb_blurb title=&#8220;ADRESSE&#8220; use_icon=&#8220;on&#8220; font_icon=&#8220;&#xf5a0;||fa||900&#8243; icon_color=&#8220;#F5821F&#8220; image_icon_width=&#8220;32px&#8220; admin_label=&#8220;ADRESSE&#8220; _builder_version=&#8220;4.21.0&#8243; _module_preset=&#8220;default&#8220; header_font=&#8220;|700|||||||&#8220; header_text_color=&#8220;#F48120&#8243; body_font=&#8220;||||||||&#8220; body_text_color=&#8220;#464646&#8243; body_font_size=&#8220;15px&#8220; body_link_font=&#8220;|300|||||||&#8220; body_link_text_color=&#8220;#C6A67F&#8220; text_orientation=&#8220;center&#8220; background_layout=&#8220;dark&#8220; global_colors_info=&#8220;{}&#8220;]<\/p>\n<p><strong>APARTMENTS LEDRAR<\/strong><br \/>Mlinska cesta 19<br \/>SI-4260 Bled<br \/>Slowenien<\/p>\n<p>[\/et_pb_blurb][\/et_pb_column][et_pb_column type=&#8220;1_2&#8243; _builder_version=&#8220;4.19.4&#8243; _module_preset=&#8220;default&#8220; global_colors_info=&#8220;{}&#8220;][et_pb_blurb title=&#8220;KONTAKT&#8220; use_icon=&#8220;on&#8220; font_icon=&#8220;&#xf2c2;||fa||400&#8243; icon_color=&#8220;#F5821F&#8220; image_icon_width=&#8220;32px&#8220; admin_label=&#8220;KONTAKT&#8220; _builder_version=&#8220;4.21.0&#8243; _module_preset=&#8220;default&#8220; header_font=&#8220;|700|||||||&#8220; header_text_color=&#8220;#F48120&#8243; body_font=&#8220;||||||||&#8220; body_text_color=&#8220;#464646&#8243; body_font_size=&#8220;15px&#8220; body_link_font=&#8220;||||||||&#8220; body_link_text_color=&#8220;#F5821F&#8220; text_orientation=&#8220;center&#8220; background_layout=&#8220;dark&#8220; global_colors_info=&#8220;{}&#8220;]<\/p>\n<p>Email: <a href=\"mailto:info@apartments-ledrar.com\" target=\"_blank\" rel=\"noopener\">info@apartments-ledrar.com<\/a><br \/>Telefon: +386 40 305 946<\/p>\n<p>[\/et_pb_blurb][\/et_pb_column][\/et_pb_row][\/et_pb_section]<\/p>\n","protected":false},"excerpt":{"rendered":"<p>Doppelzimmer mit eigenem Bad. Gr\u00f6\u00dfe 14 m2. Apartments Ledrar hat drei Zimmer und zwei Wohnungen. F\u00fcr jede Wohneinheit haben wir uns der besten Ausstattung verschrieben &#8211; wir haben an Sie gedacht, damit Sie sich wie zu Hause f\u00fchlen. Die Wohneinheiten sind ger\u00e4umig, klimatisiert, komfortabel, in einem modernen Stil eingerichtet, mit hochwertigen M\u00f6beln, die wir mit modernen Informations- und Kommunikationstechnologien (Kabel, TV, Telefon) kombinieren. Beide Wohnungen verf\u00fcgen \u00fcber die modernste K\u00fcche und Ausstattung. Alle Einheiten verf\u00fcgen \u00fcber ein eigenes modernes Bad mit Dusche und anderen Interieurs. Alle Wohneinheiten \u00f6ffnen sich auf den Balkon, der in den w\u00e4rmeren Monaten mit bunten Blumen geschm\u00fcckt ist. Wann immer Sie darauf treten und frische Bledluft einatmen oder einfach nur sitzen und die Aussicht genie\u00dfen k\u00f6nnen. Wohneinheiten sind mit funkelnden Ideen, winzigen und liebevollen \u00dcberraschungen ausgestattet, mit denen wir Ihnen sagen m\u00f6chten, wie wichtig Sie f\u00fcr uns sind. Mit ihnen und mit anderen Aufmerksamkeiten erkl\u00e4ren wir Ihnen inoffiziell, dass Sie sich w\u00e4hrend Ihres Aufenthalts als unser Freund, als Teil unserer Familie f\u00fchlen. Reservierung <div class=\"et_pb_module dsm_masonry_gallery dsm_masonry_gallery_0\">\n\t\t\t\t\n\t\t\t\t\n\t\t\t\t\n\t\t\t\t\n\t\t\t\t\n\t\t\t\t\n\t\t\t\t<div class=\"et_pb_module_inner\">\n\t\t\t\t\t<div class=\"dsm-gallery grid dsm_masonry_zoom_hover\" data-lightbox=\"true\" data-horizontalorder=\"false\">\n                <div class=\"grid-sizer\"><\/div><div class=\"gutter-sizer\"><\/div><div class=\"grid-item\">\n                    <a href=\"https:\/\/www.apartments-ledrar.com\/wp-content\/uploads\/2017\/11\/02A3389-HDR.jpg\"  data-title='APARTMENTS LEDRAR BLED &#8211; ROOM No. 6'  data-caption='' data-mfp-src=\"https:\/\/www.apartments-ledrar.com\/wp-content\/uploads\/2017\/11\/02A3389-HDR.jpg\">\n                        <div class=\"et_pb_image_wrap\">\n                            <img loading=\"lazy\" decoding=\"async\" src=\"https:\/\/www.apartments-ledrar.com\/wp-content\/uploads\/2017\/11\/02A3389-HDR.jpg\" title=\"APARTMENTS LEDRAR BLED &#8211; ROOM No. 6\" alt=\"\" class=\"dsm-skip-lazyload\" srcset=\"https:\/\/www.apartments-ledrar.com\/wp-content\/uploads\/2017\/11\/02A3389-HDR.jpg 1080w, https:\/\/www.apartments-ledrar.com\/wp-content\/uploads\/2017\/11\/02A3389-HDR-300x200.jpg 300w, https:\/\/www.apartments-ledrar.com\/wp-content\/uploads\/2017\/11\/02A3389-HDR-768x512.jpg 768w, https:\/\/www.apartments-ledrar.com\/wp-content\/uploads\/2017\/11\/02A3389-HDR-1024x683.jpg 1024w\" sizes=\"(max-width: 1080px) 100vw, 1080px\" width=\"1080\" height=\"720\" \/>\n                            \n                        <\/div>\n                    <\/a>\n                <\/div><div class=\"grid-item\">\n                    <a href=\"https:\/\/www.apartments-ledrar.com\/wp-content\/uploads\/2017\/11\/02A3396-HDR.jpg\"  data-title='APARTMENTS LEDRAR BLED &#8211; ROOM No. 6'  data-caption='' data-mfp-src=\"https:\/\/www.apartments-ledrar.com\/wp-content\/uploads\/2017\/11\/02A3396-HDR.jpg\">\n                        <div class=\"et_pb_image_wrap\">\n                            <img loading=\"lazy\" decoding=\"async\" src=\"https:\/\/www.apartments-ledrar.com\/wp-content\/uploads\/2017\/11\/02A3396-HDR.jpg\" title=\"APARTMENTS LEDRAR BLED &#8211; ROOM No. 6\" alt=\"\" class=\"dsm-skip-lazyload\" srcset=\"https:\/\/www.apartments-ledrar.com\/wp-content\/uploads\/2017\/11\/02A3396-HDR.jpg 1080w, https:\/\/www.apartments-ledrar.com\/wp-content\/uploads\/2017\/11\/02A3396-HDR-300x200.jpg 300w, https:\/\/www.apartments-ledrar.com\/wp-content\/uploads\/2017\/11\/02A3396-HDR-768x512.jpg 768w, https:\/\/www.apartments-ledrar.com\/wp-content\/uploads\/2017\/11\/02A3396-HDR-1024x683.jpg 1024w\" sizes=\"(max-width: 1080px) 100vw, 1080px\" width=\"1080\" height=\"720\" \/>\n                            \n                        <\/div>\n                    <\/a>\n                <\/div><div class=\"grid-item\">\n                    <a href=\"https:\/\/www.apartments-ledrar.com\/wp-content\/uploads\/2017\/11\/02A3410-HDR.jpg\"  data-title='APARTMENTS LEDRAR BLED &#8211; ROOM No. 6'  data-caption='' data-mfp-src=\"https:\/\/www.apartments-ledrar.com\/wp-content\/uploads\/2017\/11\/02A3410-HDR.jpg\">\n                        <div class=\"et_pb_image_wrap\">\n                            <img loading=\"lazy\" decoding=\"async\" src=\"https:\/\/www.apartments-ledrar.com\/wp-content\/uploads\/2017\/11\/02A3410-HDR.jpg\" title=\"APARTMENTS LEDRAR BLED &#8211; ROOM No. 6\" alt=\"\" class=\"dsm-skip-lazyload\" srcset=\"https:\/\/www.apartments-ledrar.com\/wp-content\/uploads\/2017\/11\/02A3410-HDR.jpg 1080w, https:\/\/www.apartments-ledrar.com\/wp-content\/uploads\/2017\/11\/02A3410-HDR-300x200.jpg 300w, https:\/\/www.apartments-ledrar.com\/wp-content\/uploads\/2017\/11\/02A3410-HDR-768x512.jpg 768w, https:\/\/www.apartments-ledrar.com\/wp-content\/uploads\/2017\/11\/02A3410-HDR-1024x683.jpg 1024w\" sizes=\"(max-width: 1080px) 100vw, 1080px\" width=\"1080\" height=\"720\" \/>\n                            \n                        <\/div>\n                    <\/a>\n                <\/div><div class=\"grid-item\">\n                    <a href=\"https:\/\/www.apartments-ledrar.com\/wp-content\/uploads\/2017\/11\/02A3417-HDR.jpg\"  data-title='APARTMENTS LEDRAR BLED &#8211; ROOM No. 6'  data-caption='' data-mfp-src=\"https:\/\/www.apartments-ledrar.com\/wp-content\/uploads\/2017\/11\/02A3417-HDR.jpg\">\n                        <div class=\"et_pb_image_wrap\">\n                            <img loading=\"lazy\" decoding=\"async\" src=\"https:\/\/www.apartments-ledrar.com\/wp-content\/uploads\/2017\/11\/02A3417-HDR.jpg\" title=\"APARTMENTS LEDRAR BLED &#8211; ROOM No. 6\" alt=\"\" class=\"dsm-skip-lazyload\" srcset=\"https:\/\/www.apartments-ledrar.com\/wp-content\/uploads\/2017\/11\/02A3417-HDR.jpg 1080w, https:\/\/www.apartments-ledrar.com\/wp-content\/uploads\/2017\/11\/02A3417-HDR-300x200.jpg 300w, https:\/\/www.apartments-ledrar.com\/wp-content\/uploads\/2017\/11\/02A3417-HDR-768x512.jpg 768w, https:\/\/www.apartments-ledrar.com\/wp-content\/uploads\/2017\/11\/02A3417-HDR-1024x683.jpg 1024w\" sizes=\"(max-width: 1080px) 100vw, 1080px\" width=\"1080\" height=\"720\" \/>\n                            \n                        <\/div>\n                    <\/a>\n                <\/div>\n             <\/div>\n\t\t\t\t<\/div>\n\t\t\t<\/div>APARTMENTS LEDRARMlinska cesta 19SI-4260 BledSlowenienEmail: info@apartments-ledrar.comTelefon: +386 40 305 946<\/p>\n","protected":false},"author":1,"featured_media":0,"parent":0,"menu_order":6,"comment_status":"closed","ping_status":"closed","template":"","meta":{"_et_pb_use_builder":"on","_et_pb_old_content":"","_et_gb_content_width":"","footnotes":""},"class_list":["post-786","page","type-page","status-publish","hentry"],"aioseo_notices":[],"_links":{"self":[{"href":"https:\/\/www.apartments-ledrar.com\/de\/wp-json\/wp\/v2\/pages\/786","targetHints":{"allow":["GET"]}}],"collection":[{"href":"https:\/\/www.apartments-ledrar.com\/de\/wp-json\/wp\/v2\/pages"}],"about":[{"href":"https:\/\/www.apartments-ledrar.com\/de\/wp-json\/wp\/v2\/types\/page"}],"author":[{"embeddable":true,"href":"https:\/\/www.apartments-ledrar.com\/de\/wp-json\/wp\/v2\/users\/1"}],"replies":[{"embeddable":true,"href":"https:\/\/www.apartments-ledrar.com\/de\/wp-json\/wp\/v2\/comments?post=786"}],"version-history":[{"count":10,"href":"https:\/\/www.apartments-ledrar.com\/de\/wp-json\/wp\/v2\/pages\/786\/revisions"}],"predecessor-version":[{"id":286390,"href":"https:\/\/www.apartments-ledrar.com\/de\/wp-json\/wp\/v2\/pages\/786\/revisions\/286390"}],"wp:attachment":[{"href":"https:\/\/www.apartments-ledrar.com\/de\/wp-json\/wp\/v2\/media?parent=786"}],"curies":[{"name":"wp","href":"https:\/\/api.w.org\/{rel}","templated":true}]}}