{"id":286228,"date":"2024-06-12T10:55:40","date_gmt":"2024-06-12T08:55:40","guid":{"rendered":"https:\/\/www.apartments-ledrar.com\/vintage-apartments\/"},"modified":"2026-03-17T15:25:40","modified_gmt":"2026-03-17T14:25:40","slug":"vintage-apartments","status":"publish","type":"page","link":"https:\/\/www.apartments-ledrar.com\/sl\/vintage-apartments\/","title":{"rendered":"VINTAGE APARTMENT"},"content":{"rendered":"<p>[et_pb_section fb_built=&#8221;1&#8243; fullwidth=&#8221;on&#8221; _builder_version=&#8221;4.25.1&#8243; global_colors_info=&#8221;{}&#8221;][et_pb_fullwidth_header title=&#8221;VINTAGE APARTMENT&#8221; header_fullscreen=&#8221;on&#8221; header_scroll_down=&#8221;on&#8221; scroll_down_icon=&#8221;%%2%%&#8221; background_overlay_color=&#8221;rgba(0,0,0,0.21)&#8221; admin_label=&#8221;Fullwidth Header &#8211; VINTAGE APARTMENTS&#8221; _builder_version=&#8221;4.27.6&#8243; title_font=&#8221;|700|||||||&#8221; title_text_align=&#8221;left&#8221; title_text_color=&#8221;#f48120&#8243; title_font_size=&#8221;56px&#8221; content_font=&#8221;|600|||||||&#8221; content_font_size=&#8221;20px&#8221; subhead_font_size=&#8221;35px&#8221; content_link_text_color=&#8221;#FFFFFF&#8221; background_color=&#8221;rgba(255, 255, 255, 0)&#8221; background_image=&#8221;https:\/\/www.apartments-ledrar.com\/wp-content\/uploads\/2024\/06\/APARTMENTS-LEDRAR-Vintage-Apartment.jpg&#8221; hover_enabled=&#8221;0&#8243; title_font_size_tablet=&#8221;31px&#8221; title_font_size_phone=&#8221;25px&#8221; title_font_size_last_edited=&#8221;on|tablet&#8221; content_font_size_tablet=&#8221;&#8221; content_font_size_phone=&#8221;19px&#8221; content_font_size_last_edited=&#8221;on|desktop&#8221; subhead_font_size_tablet=&#8221;21px&#8221; subhead_font_size_phone=&#8221;17px&#8221; subhead_font_size_last_edited=&#8221;on|tablet&#8221; background_last_edited=&#8221;on|phone&#8221; background_position_phone=&#8221;center&#8221; text_shadow_style=&#8221;preset1&#8243; global_colors_info=&#8221;{}&#8221; button_one_text_size__hover_enabled=&#8221;off&#8221; button_one_text_size__hover=&#8221;null&#8221; button_two_text_size__hover_enabled=&#8221;off&#8221; button_two_text_size__hover=&#8221;null&#8221; button_one_text_color__hover_enabled=&#8221;off&#8221; button_one_text_color__hover=&#8221;null&#8221; button_two_text_color__hover_enabled=&#8221;off&#8221; button_two_text_color__hover=&#8221;null&#8221; button_one_border_width__hover_enabled=&#8221;off&#8221; button_one_border_width__hover=&#8221;null&#8221; button_two_border_width__hover_enabled=&#8221;off&#8221; button_two_border_width__hover=&#8221;null&#8221; button_one_border_color__hover_enabled=&#8221;off&#8221; button_one_border_color__hover=&#8221;null&#8221; button_two_border_color__hover_enabled=&#8221;off&#8221; button_two_border_color__hover=&#8221;null&#8221; button_one_border_radius__hover_enabled=&#8221;off&#8221; button_one_border_radius__hover=&#8221;null&#8221; button_two_border_radius__hover_enabled=&#8221;off&#8221; button_two_border_radius__hover=&#8221;null&#8221; button_one_letter_spacing__hover_enabled=&#8221;off&#8221; button_one_letter_spacing__hover=&#8221;null&#8221; button_two_letter_spacing__hover_enabled=&#8221;off&#8221; button_two_letter_spacing__hover=&#8221;null&#8221; button_one_bg_color__hover_enabled=&#8221;off&#8221; button_one_bg_color__hover=&#8221;null&#8221; button_two_bg_color__hover_enabled=&#8221;off&#8221; button_two_bg_color__hover=&#8221;null&#8221; content_link_text_color__hover_enabled=&#8221;on|desktop&#8221; content_link_text_color__hover=&#8221;#F5821F&#8221; sticky_enabled=&#8221;0&#8243;][\/et_pb_fullwidth_header][\/et_pb_section][et_pb_section fb_built=&#8221;1&#8243; _builder_version=&#8221;4.25.1&#8243; background_color=&#8221;#F5F6F7&#8243; custom_padding=&#8221;|0px||0px|false|false&#8221; global_colors_info=&#8221;{}&#8221;][et_pb_row _builder_version=&#8221;4.16&#8243; background_size=&#8221;initial&#8221; background_position=&#8221;top_left&#8221; background_repeat=&#8221;repeat&#8221; global_colors_info=&#8221;{}&#8221;][et_pb_column type=&#8221;4_4&#8243; _builder_version=&#8221;4.16&#8243; custom_padding=&#8221;|||&#8221; global_colors_info=&#8221;{}&#8221; custom_padding__hover=&#8221;|||&#8221;][et_pb_blurb title=&#8221;Apartma Vintage &#8211;  Apartmaji Ledrar&#8221; admin_label=&#8221;Apartmaji Vintage &#8211;  Apartmaji Ledrar&#8221; _builder_version=&#8221;4.27.6&#8243; header_level=&#8221;h2&#8243; text_orientation=&#8221;center&#8221; hover_enabled=&#8221;0&#8243; global_colors_info=&#8221;{}&#8221; sticky_enabled=&#8221;0&#8243;]<\/p>\n<p>Dobrodo\u0161li v Apartma Vintage, ki so del sklopu Apartmaji Ledrar, kjer vam ponujamo udobno in prijetno bivanje v na\u0161ih skrbno opremljenih apartmajih in sobah. Vsaka namestitev je zasnovana z mislijo na va\u0161e udobje in prijetno bivanje.<\/p>\n<p>Na\u0161a namestitev vam nudi vse potrebno za prijetno bivanje in nepozabne trenutke. Veselimo se va\u0161ega obiska v Apartmajih Vintage v sklopu Apartmaji Ledrar!<\/p>\n<p>[\/et_pb_blurb][\/et_pb_column][\/et_pb_row][\/et_pb_section][et_pb_section fb_built=&#8221;1&#8243; module_id=&#8221;1&#8243; _builder_version=&#8221;4.25.1&#8243; custom_padding=&#8221;|0px|0px|0px&#8221; global_colors_info=&#8221;{}&#8221;][et_pb_row _builder_version=&#8221;4.16&#8243; background_size=&#8221;initial&#8221; background_position=&#8221;top_left&#8221; background_repeat=&#8221;repeat&#8221; global_colors_info=&#8221;{}&#8221;][et_pb_column type=&#8221;4_4&#8243; _builder_version=&#8221;4.16&#8243; custom_padding=&#8221;|||&#8221; global_colors_info=&#8221;{}&#8221; custom_padding__hover=&#8221;|||&#8221;][et_pb_blurb title=&#8221;Apartma za dve osebi&#8221; admin_label=&#8221;Apartma za dve osebi&#8221; _builder_version=&#8221;4.25.1&#8243; header_level=&#8221;h2&#8243; text_orientation=&#8221;center&#8221; global_colors_info=&#8221;{}&#8221;][\/et_pb_blurb][\/et_pb_column][\/et_pb_row][et_pb_row column_structure=&#8221;2_3,1_3&#8243; _builder_version=&#8221;4.16&#8243; background_size=&#8221;initial&#8221; background_position=&#8221;top_left&#8221; background_repeat=&#8221;repeat&#8221; global_colors_info=&#8221;{}&#8221;][et_pb_column type=&#8221;2_3&#8243; _builder_version=&#8221;4.16&#8243; custom_padding=&#8221;|||&#8221; global_colors_info=&#8221;{}&#8221; custom_padding__hover=&#8221;|||&#8221;][et_pb_text admin_label=&#8221;Apartma za dve osebi&#8221; _builder_version=&#8221;4.25.1&#8243; text_font=&#8221;|300|||||||&#8221; global_colors_info=&#8221;{}&#8221;]<\/p>\n<p><strong>Velikost:<\/strong> pribli\u017eno 50 kvadratnih metrov<\/p>\n<p><strong>Razporeditev:<\/strong><\/p>\n<ul>\n<li>Zakonska postelja<\/li>\n<li>Dnevna soba s kav\u010dem<\/li>\n<li>Kuhinja, polno opremljena<\/li>\n<\/ul>\n<p><strong>Opis:<\/strong> Prostoren apartma s kuhinjo je idealen za dve osebi. Sestavljen je iz udobne spalnice z zakonsko posteljo, prijetne dnevne sobe, kjer se lahko sprostite na kav\u010du, in polno opremljene kuhinje, ki vam omogo\u010da pripravo obrokov kot doma.<\/p>\n<p>[\/et_pb_text][\/et_pb_column][et_pb_column type=&#8221;1_3&#8243; _builder_version=&#8221;4.16&#8243; custom_padding=&#8221;|||&#8221; global_colors_info=&#8221;{}&#8221; custom_padding__hover=&#8221;|||&#8221;][et_pb_cta title=&#8221;POVPRA\u0160EVANJE&#8221; button_url=&#8221;https:\/\/www.apartments-ledrar.com\/sl\/povprasevanje\/&#8221; button_text=&#8221;POVPRA\u0160EVANJE&#8221; admin_label=&#8221;Call To Action &#8211; POVPRA\u0160EVANJE&#8221; _builder_version=&#8221;4.25.1&#8243; header_level=&#8221;h3&#8243; header_font=&#8221;||||||||&#8221; body_font=&#8221;|300|||||||&#8221; custom_button=&#8221;on&#8221; button_text_size=&#8221;15px&#8221; button_font=&#8221;|300|||||||&#8221; button_icon=&#8221;&#xe010;||divi||400&#8243; custom_margin=&#8221;|||&#8221; custom_padding=&#8221;|||&#8221; border_radii=&#8221;on|7px|7px|7px|7px&#8221; border_color_all=&#8221;#999999&#8243; box_shadow_style=&#8221;preset2&#8243; box_shadow_style_button=&#8221;preset2&#8243; global_colors_info=&#8221;{}&#8221; button_text_size__hover_enabled=&#8221;off&#8221; button_text_size__hover=&#8221;null&#8221; button_one_text_size__hover_enabled=&#8221;off&#8221; button_one_text_size__hover=&#8221;null&#8221; button_two_text_size__hover_enabled=&#8221;off&#8221; button_two_text_size__hover=&#8221;null&#8221; button_text_color__hover_enabled=&#8221;off&#8221; button_text_color__hover=&#8221;null&#8221; button_one_text_color__hover_enabled=&#8221;off&#8221; button_one_text_color__hover=&#8221;null&#8221; button_two_text_color__hover_enabled=&#8221;off&#8221; button_two_text_color__hover=&#8221;null&#8221; button_border_width__hover_enabled=&#8221;off&#8221; button_border_width__hover=&#8221;null&#8221; button_one_border_width__hover_enabled=&#8221;off&#8221; button_one_border_width__hover=&#8221;null&#8221; button_two_border_width__hover_enabled=&#8221;off&#8221; button_two_border_width__hover=&#8221;null&#8221; button_border_color__hover_enabled=&#8221;off&#8221; button_border_color__hover=&#8221;null&#8221; button_one_border_color__hover_enabled=&#8221;off&#8221; button_one_border_color__hover=&#8221;null&#8221; button_two_border_color__hover_enabled=&#8221;off&#8221; button_two_border_color__hover=&#8221;null&#8221; button_border_radius__hover_enabled=&#8221;off&#8221; button_border_radius__hover=&#8221;null&#8221; button_one_border_radius__hover_enabled=&#8221;off&#8221; button_one_border_radius__hover=&#8221;null&#8221; button_two_border_radius__hover_enabled=&#8221;off&#8221; button_two_border_radius__hover=&#8221;null&#8221; button_letter_spacing__hover_enabled=&#8221;off&#8221; button_letter_spacing__hover=&#8221;null&#8221; button_one_letter_spacing__hover_enabled=&#8221;off&#8221; button_one_letter_spacing__hover=&#8221;null&#8221; button_two_letter_spacing__hover_enabled=&#8221;off&#8221; button_two_letter_spacing__hover=&#8221;null&#8221; button_bg_color__hover_enabled=&#8221;off&#8221; button_bg_color__hover=&#8221;null&#8221; button_one_bg_color__hover_enabled=&#8221;off&#8221; button_one_bg_color__hover=&#8221;null&#8221; button_two_bg_color__hover_enabled=&#8221;off&#8221; button_two_bg_color__hover=&#8221;null&#8221;]<\/p>\n<p>\u010ce \u017eelite rezervirati enega od na\u0161ih apartmajev ali sob, po\u0161ljite povpra\u0161evanje. Kontaktirali vas v najkraj\u0161em mo\u017enem \u010dasu.<\/p>\n<p>[\/et_pb_cta][\/et_pb_column][\/et_pb_row][et_pb_row _builder_version=&#8221;4.21.0&#8243; _module_preset=&#8221;default&#8221; locked=&#8221;off&#8221; global_colors_info=&#8221;{}&#8221;][et_pb_column type=&#8221;4_4&#8243; _builder_version=&#8221;4.21.0&#8243; _module_preset=&#8221;default&#8221; global_colors_info=&#8221;{}&#8221;][dsm_masonry_gallery gallery_ids=&#8221;286057,286061,286065,286069,286073,286077,286081,286085&#8243; use_lightbox=&#8221;on&#8221; use_horizontal_order=&#8221;off&#8221; use_zoom_on_hover=&#8221;on&#8221; columns_tablet=&#8221;2&#8243; columns_phone=&#8221;1&#8243; columns_last_edited=&#8221;on|desktop&#8221; _builder_version=&#8221;4.25.1&#8243; _module_preset=&#8221;default&#8221; locked=&#8221;off&#8221; global_colors_info=&#8221;{}&#8221;][\/dsm_masonry_gallery][\/et_pb_column][\/et_pb_row][\/et_pb_section][et_pb_section fb_built=&#8221;1&#8243; _builder_version=&#8221;4.21.0&#8243; background_color=&#8221;#F5F6F7&#8243; custom_padding=&#8221;||0px|&#8221; global_colors_info=&#8221;{}&#8221;][et_pb_row column_structure=&#8221;1_2,1_2&#8243; _builder_version=&#8221;4.19.4&#8243; _module_preset=&#8221;default&#8221; global_module=&#8221;285515&#8243; saved_tabs=&#8221;all&#8221; global_colors_info=&#8221;{}&#8221;][et_pb_column type=&#8221;1_2&#8243; _builder_version=&#8221;4.19.4&#8243; _module_preset=&#8221;default&#8221; global_colors_info=&#8221;{}&#8221;][et_pb_blurb title=&#8221;NASLOV&#8221; use_icon=&#8221;on&#8221; font_icon=&#8221;&#xf5a0;||fa||900&#8243; icon_color=&#8221;#F5821F&#8221; image_icon_width=&#8221;32px&#8221; admin_label=&#8221;NASLOV&#8221; _builder_version=&#8221;4.21.0&#8243; _module_preset=&#8221;default&#8221; header_font=&#8221;|700|||||||&#8221; header_text_color=&#8221;#F48120&#8243; body_font=&#8221;||||||||&#8221; body_text_color=&#8221;#464646&#8243; body_font_size=&#8221;15px&#8221; body_link_font=&#8221;|300|||||||&#8221; body_link_text_color=&#8221;#C6A67F&#8221; text_orientation=&#8221;center&#8221; background_layout=&#8221;dark&#8221; global_colors_info=&#8221;{}&#8221;]<\/p>\n<p><strong>APARTMAJI LEDRAR<\/strong><br \/>Mlinska cesta 19<br \/>SI-4260 Bled<br \/>Slovenjia<\/p>\n<p>[\/et_pb_blurb][\/et_pb_column][et_pb_column type=&#8221;1_2&#8243; _builder_version=&#8221;4.19.4&#8243; _module_preset=&#8221;default&#8221; global_colors_info=&#8221;{}&#8221;][et_pb_blurb title=&#8221;KONTAKT&#8221; use_icon=&#8221;on&#8221; font_icon=&#8221;&#xf2c2;||fa||400&#8243; icon_color=&#8221;#F5821F&#8221; image_icon_width=&#8221;32px&#8221; admin_label=&#8221;KONTAKT&#8221; _builder_version=&#8221;4.21.0&#8243; _module_preset=&#8221;default&#8221; header_font=&#8221;|700|||||||&#8221; header_text_color=&#8221;#F48120&#8243; body_font=&#8221;||||||||&#8221; body_text_color=&#8221;#464646&#8243; body_font_size=&#8221;15px&#8221; body_link_font=&#8221;||||||||&#8221; body_link_text_color=&#8221;#F5821F&#8221; text_orientation=&#8221;center&#8221; background_layout=&#8221;dark&#8221; global_colors_info=&#8221;{}&#8221;]<\/p>\n<p>Email: <a href=\"mailto:info@apartments-ledrar.com\" target=\"_blank\" rel=\"noopener\">info@apartments-ledrar.com<\/a><br \/>Telefon: 040 305 946<\/p>\n<p>[\/et_pb_blurb][\/et_pb_column][\/et_pb_row][\/et_pb_section]<\/p>\n","protected":false},"excerpt":{"rendered":"<p>Dobrodo\u0161li v Apartma Vintage, ki so del sklopu Apartmaji Ledrar, kjer vam ponujamo udobno in prijetno bivanje v na\u0161ih skrbno opremljenih apartmajih in sobah. Vsaka namestitev je zasnovana z mislijo na va\u0161e udobje in prijetno bivanje. Na\u0161a namestitev vam nudi vse potrebno za prijetno bivanje in nepozabne trenutke. Veselimo se va\u0161ega obiska v Apartmajih Vintage v sklopu Apartmaji Ledrar!Velikost: pribli\u017eno 50 kvadratnih metrov Razporeditev: Zakonska postelja Dnevna soba s kav\u010dem Kuhinja, polno opremljena Opis: Prostoren apartma s kuhinjo je idealen za dve osebi. Sestavljen je iz udobne spalnice z zakonsko posteljo, prijetne dnevne sobe, kjer se lahko sprostite na kav\u010du, in polno opremljene kuhinje, ki vam omogo\u010da pripravo obrokov kot doma.\u010ce \u017eelite rezervirati enega od na\u0161ih apartmajev ali sob, po\u0161ljite povpra\u0161evanje. Kontaktirali vas v najkraj\u0161em mo\u017enem \u010dasu.<div class=\"et_pb_module dsm_masonry_gallery dsm_masonry_gallery_0\">\n\t\t\t\t\n\t\t\t\t\n\t\t\t\t\n\t\t\t\t\n\t\t\t\t\n\t\t\t\t\n\t\t\t\t<div class=\"et_pb_module_inner\">\n\t\t\t\t\t<div class=\"dsm-gallery grid dsm_masonry_zoom_hover\" data-lightbox=\"true\" data-horizontalorder=\"false\">\n                <div class=\"grid-sizer\"><\/div><div class=\"gutter-sizer\"><\/div><div class=\"grid-item\">\n                    <a href=\"https:\/\/www.apartments-ledrar.com\/wp-content\/uploads\/2024\/06\/Apartma-Vintage-Apartma-za-2-osebi-1.jpg\"  data-title='Apartma Vintage &#8211; Apartma za dve osebi'  data-caption='' data-mfp-src=\"https:\/\/www.apartments-ledrar.com\/wp-content\/uploads\/2024\/06\/Apartma-Vintage-Apartma-za-2-osebi-1.jpg\">\n                        <div class=\"et_pb_image_wrap\">\n                            <img loading=\"lazy\" decoding=\"async\" src=\"https:\/\/www.apartments-ledrar.com\/wp-content\/uploads\/2024\/06\/Apartma-Vintage-Apartma-za-2-osebi-1.jpg\" title=\"Apartma Vintage &#8211; Apartma za dve osebi\" alt=\"\" class=\"dsm-skip-lazyload\" srcset=\"https:\/\/www.apartments-ledrar.com\/wp-content\/uploads\/2024\/06\/Apartma-Vintage-Apartma-za-2-osebi-1.jpg 1080w, https:\/\/www.apartments-ledrar.com\/wp-content\/uploads\/2024\/06\/Apartma-Vintage-Apartma-za-2-osebi-1-980x653.jpg 980w, https:\/\/www.apartments-ledrar.com\/wp-content\/uploads\/2024\/06\/Apartma-Vintage-Apartma-za-2-osebi-1-480x320.jpg 480w\" sizes=\"(min-width: 0px) and (max-width: 480px) 480px, (min-width: 481px) and (max-width: 980px) 980px, (min-width: 981px) 1080px, 100vw\" width=\"1080\" height=\"720\" \/>\n                            \n                        <\/div>\n                    <\/a>\n                <\/div><div class=\"grid-item\">\n                    <a href=\"https:\/\/www.apartments-ledrar.com\/wp-content\/uploads\/2024\/06\/Apartma-Vintage-Apartma-za-2-osebi-2.jpg\"  data-title='Apartma Vintage &#8211; Apartma za dve osebi'  data-caption='' data-mfp-src=\"https:\/\/www.apartments-ledrar.com\/wp-content\/uploads\/2024\/06\/Apartma-Vintage-Apartma-za-2-osebi-2.jpg\">\n                        <div class=\"et_pb_image_wrap\">\n                            <img loading=\"lazy\" decoding=\"async\" src=\"https:\/\/www.apartments-ledrar.com\/wp-content\/uploads\/2024\/06\/Apartma-Vintage-Apartma-za-2-osebi-2.jpg\" title=\"Apartma Vintage &#8211; Apartma za dve osebi\" alt=\"\" class=\"dsm-skip-lazyload\" srcset=\"https:\/\/www.apartments-ledrar.com\/wp-content\/uploads\/2024\/06\/Apartma-Vintage-Apartma-za-2-osebi-2.jpg 1080w, https:\/\/www.apartments-ledrar.com\/wp-content\/uploads\/2024\/06\/Apartma-Vintage-Apartma-za-2-osebi-2-980x653.jpg 980w, https:\/\/www.apartments-ledrar.com\/wp-content\/uploads\/2024\/06\/Apartma-Vintage-Apartma-za-2-osebi-2-480x320.jpg 480w\" sizes=\"(min-width: 0px) and (max-width: 480px) 480px, (min-width: 481px) and (max-width: 980px) 980px, (min-width: 981px) 1080px, 100vw\" width=\"1080\" height=\"720\" \/>\n                            \n                        <\/div>\n                    <\/a>\n                <\/div><div class=\"grid-item\">\n                    <a href=\"https:\/\/www.apartments-ledrar.com\/wp-content\/uploads\/2024\/06\/Apartma-Vintage-Apartma-za-2-osebi-3.jpg\"  data-title='Apartma Vintage &#8211; Apartma za dve osebi'  data-caption='' data-mfp-src=\"https:\/\/www.apartments-ledrar.com\/wp-content\/uploads\/2024\/06\/Apartma-Vintage-Apartma-za-2-osebi-3.jpg\">\n                        <div class=\"et_pb_image_wrap\">\n                            <img loading=\"lazy\" decoding=\"async\" src=\"https:\/\/www.apartments-ledrar.com\/wp-content\/uploads\/2024\/06\/Apartma-Vintage-Apartma-za-2-osebi-3.jpg\" title=\"Apartma Vintage &#8211; Apartma za dve osebi\" alt=\"\" class=\"dsm-skip-lazyload\" srcset=\"https:\/\/www.apartments-ledrar.com\/wp-content\/uploads\/2024\/06\/Apartma-Vintage-Apartma-za-2-osebi-3.jpg 1080w, https:\/\/www.apartments-ledrar.com\/wp-content\/uploads\/2024\/06\/Apartma-Vintage-Apartma-za-2-osebi-3-980x653.jpg 980w, https:\/\/www.apartments-ledrar.com\/wp-content\/uploads\/2024\/06\/Apartma-Vintage-Apartma-za-2-osebi-3-480x320.jpg 480w\" sizes=\"(min-width: 0px) and (max-width: 480px) 480px, (min-width: 481px) and (max-width: 980px) 980px, (min-width: 981px) 1080px, 100vw\" width=\"1080\" height=\"720\" \/>\n                            \n                        <\/div>\n                    <\/a>\n                <\/div><div class=\"grid-item\">\n                    <a href=\"https:\/\/www.apartments-ledrar.com\/wp-content\/uploads\/2024\/06\/Apartma-Vintage-Apartma-za-2-osebi-4.jpg\"  data-title='Apartma Vintage &#8211; Apartma za dve osebi'  data-caption='' data-mfp-src=\"https:\/\/www.apartments-ledrar.com\/wp-content\/uploads\/2024\/06\/Apartma-Vintage-Apartma-za-2-osebi-4.jpg\">\n                        <div class=\"et_pb_image_wrap\">\n                            <img loading=\"lazy\" decoding=\"async\" src=\"https:\/\/www.apartments-ledrar.com\/wp-content\/uploads\/2024\/06\/Apartma-Vintage-Apartma-za-2-osebi-4.jpg\" title=\"Apartma Vintage &#8211; Apartma za dve osebi\" alt=\"\" class=\"dsm-skip-lazyload\" srcset=\"https:\/\/www.apartments-ledrar.com\/wp-content\/uploads\/2024\/06\/Apartma-Vintage-Apartma-za-2-osebi-4.jpg 1080w, https:\/\/www.apartments-ledrar.com\/wp-content\/uploads\/2024\/06\/Apartma-Vintage-Apartma-za-2-osebi-4-980x653.jpg 980w, https:\/\/www.apartments-ledrar.com\/wp-content\/uploads\/2024\/06\/Apartma-Vintage-Apartma-za-2-osebi-4-480x320.jpg 480w\" sizes=\"(min-width: 0px) and (max-width: 480px) 480px, (min-width: 481px) and (max-width: 980px) 980px, (min-width: 981px) 1080px, 100vw\" width=\"1080\" height=\"720\" \/>\n                            \n                        <\/div>\n                    <\/a>\n                <\/div><div class=\"grid-item\">\n                    <a href=\"https:\/\/www.apartments-ledrar.com\/wp-content\/uploads\/2024\/06\/Apartma-Vintage-Apartma-za-2-osebi-5.jpg\"  data-title='Apartma Vintage &#8211; Apartma za dve osebi'  data-caption='' data-mfp-src=\"https:\/\/www.apartments-ledrar.com\/wp-content\/uploads\/2024\/06\/Apartma-Vintage-Apartma-za-2-osebi-5.jpg\">\n                        <div class=\"et_pb_image_wrap\">\n                            <img loading=\"lazy\" decoding=\"async\" src=\"https:\/\/www.apartments-ledrar.com\/wp-content\/uploads\/2024\/06\/Apartma-Vintage-Apartma-za-2-osebi-5.jpg\" title=\"Apartma Vintage &#8211; Apartma za dve osebi\" alt=\"\" class=\"dsm-skip-lazyload\" srcset=\"https:\/\/www.apartments-ledrar.com\/wp-content\/uploads\/2024\/06\/Apartma-Vintage-Apartma-za-2-osebi-5.jpg 1080w, https:\/\/www.apartments-ledrar.com\/wp-content\/uploads\/2024\/06\/Apartma-Vintage-Apartma-za-2-osebi-5-980x653.jpg 980w, https:\/\/www.apartments-ledrar.com\/wp-content\/uploads\/2024\/06\/Apartma-Vintage-Apartma-za-2-osebi-5-480x320.jpg 480w\" sizes=\"(min-width: 0px) and (max-width: 480px) 480px, (min-width: 481px) and (max-width: 980px) 980px, (min-width: 981px) 1080px, 100vw\" width=\"1080\" height=\"720\" \/>\n                            \n                        <\/div>\n                    <\/a>\n                <\/div><div class=\"grid-item\">\n                    <a href=\"https:\/\/www.apartments-ledrar.com\/wp-content\/uploads\/2024\/06\/Apartma-Vintage-Apartma-za-2-osebi-6.jpg\"  data-title='Apartma Vintage &#8211; Apartma za dve osebi'  data-caption='' data-mfp-src=\"https:\/\/www.apartments-ledrar.com\/wp-content\/uploads\/2024\/06\/Apartma-Vintage-Apartma-za-2-osebi-6.jpg\">\n                        <div class=\"et_pb_image_wrap\">\n                            <img loading=\"lazy\" decoding=\"async\" src=\"https:\/\/www.apartments-ledrar.com\/wp-content\/uploads\/2024\/06\/Apartma-Vintage-Apartma-za-2-osebi-6.jpg\" title=\"Apartma Vintage &#8211; Apartma za dve osebi\" alt=\"\" class=\"dsm-skip-lazyload\" srcset=\"https:\/\/www.apartments-ledrar.com\/wp-content\/uploads\/2024\/06\/Apartma-Vintage-Apartma-za-2-osebi-6.jpg 1080w, https:\/\/www.apartments-ledrar.com\/wp-content\/uploads\/2024\/06\/Apartma-Vintage-Apartma-za-2-osebi-6-980x653.jpg 980w, https:\/\/www.apartments-ledrar.com\/wp-content\/uploads\/2024\/06\/Apartma-Vintage-Apartma-za-2-osebi-6-480x320.jpg 480w\" sizes=\"(min-width: 0px) and (max-width: 480px) 480px, (min-width: 481px) and (max-width: 980px) 980px, (min-width: 981px) 1080px, 100vw\" width=\"1080\" height=\"720\" \/>\n                            \n                        <\/div>\n                    <\/a>\n                <\/div><div class=\"grid-item\">\n                    <a href=\"https:\/\/www.apartments-ledrar.com\/wp-content\/uploads\/2024\/06\/Apartma-Vintage-Apartma-za-2-osebi-7.jpg\"  data-title='Apartma Vintage &#8211; Apartma za dve osebi'  data-caption='' data-mfp-src=\"https:\/\/www.apartments-ledrar.com\/wp-content\/uploads\/2024\/06\/Apartma-Vintage-Apartma-za-2-osebi-7.jpg\">\n                        <div class=\"et_pb_image_wrap\">\n                            <img loading=\"lazy\" decoding=\"async\" src=\"https:\/\/www.apartments-ledrar.com\/wp-content\/uploads\/2024\/06\/Apartma-Vintage-Apartma-za-2-osebi-7.jpg\" title=\"Apartma Vintage &#8211; Apartma za dve osebi\" alt=\"\" class=\"dsm-skip-lazyload\" srcset=\"https:\/\/www.apartments-ledrar.com\/wp-content\/uploads\/2024\/06\/Apartma-Vintage-Apartma-za-2-osebi-7.jpg 1080w, https:\/\/www.apartments-ledrar.com\/wp-content\/uploads\/2024\/06\/Apartma-Vintage-Apartma-za-2-osebi-7-980x653.jpg 980w, https:\/\/www.apartments-ledrar.com\/wp-content\/uploads\/2024\/06\/Apartma-Vintage-Apartma-za-2-osebi-7-480x320.jpg 480w\" sizes=\"(min-width: 0px) and (max-width: 480px) 480px, (min-width: 481px) and (max-width: 980px) 980px, (min-width: 981px) 1080px, 100vw\" width=\"1080\" height=\"720\" \/>\n                            \n                        <\/div>\n                    <\/a>\n                <\/div><div class=\"grid-item\">\n                    <a href=\"https:\/\/www.apartments-ledrar.com\/wp-content\/uploads\/2024\/06\/Apartma-Vintage-Apartma-za-2-osebi-8.jpg\"  data-title='Apartma Vintage &#8211; Apartma za dve osebi'  data-caption='' data-mfp-src=\"https:\/\/www.apartments-ledrar.com\/wp-content\/uploads\/2024\/06\/Apartma-Vintage-Apartma-za-2-osebi-8.jpg\">\n                        <div class=\"et_pb_image_wrap\">\n                            <img loading=\"lazy\" decoding=\"async\" src=\"https:\/\/www.apartments-ledrar.com\/wp-content\/uploads\/2024\/06\/Apartma-Vintage-Apartma-za-2-osebi-8.jpg\" title=\"Apartma Vintage &#8211; Apartma za dve osebi\" alt=\"\" class=\"dsm-skip-lazyload\" srcset=\"https:\/\/www.apartments-ledrar.com\/wp-content\/uploads\/2024\/06\/Apartma-Vintage-Apartma-za-2-osebi-8.jpg 1080w, https:\/\/www.apartments-ledrar.com\/wp-content\/uploads\/2024\/06\/Apartma-Vintage-Apartma-za-2-osebi-8-980x653.jpg 980w, https:\/\/www.apartments-ledrar.com\/wp-content\/uploads\/2024\/06\/Apartma-Vintage-Apartma-za-2-osebi-8-480x320.jpg 480w\" sizes=\"(min-width: 0px) and (max-width: 480px) 480px, (min-width: 481px) and (max-width: 980px) 980px, (min-width: 981px) 1080px, 100vw\" width=\"1080\" height=\"720\" \/>\n                            \n                        <\/div>\n                    <\/a>\n                <\/div>\n             <\/div>\n\t\t\t\t<\/div>\n\t\t\t<\/div>APARTMAJI LEDRARMlinska cesta 19SI-4260 BledSlovenjiaEmail: info@apartments-ledrar.comTelefon: 040 305 946<\/p>\n","protected":false},"author":1,"featured_media":286050,"parent":0,"menu_order":8,"comment_status":"closed","ping_status":"closed","template":"","meta":{"_et_pb_use_builder":"on","_et_pb_old_content":"","_et_gb_content_width":"","footnotes":""},"class_list":["post-286228","page","type-page","status-publish","has-post-thumbnail","hentry"],"aioseo_notices":[],"_links":{"self":[{"href":"https:\/\/www.apartments-ledrar.com\/sl\/wp-json\/wp\/v2\/pages\/286228","targetHints":{"allow":["GET"]}}],"collection":[{"href":"https:\/\/www.apartments-ledrar.com\/sl\/wp-json\/wp\/v2\/pages"}],"about":[{"href":"https:\/\/www.apartments-ledrar.com\/sl\/wp-json\/wp\/v2\/types\/page"}],"author":[{"embeddable":true,"href":"https:\/\/www.apartments-ledrar.com\/sl\/wp-json\/wp\/v2\/users\/1"}],"replies":[{"embeddable":true,"href":"https:\/\/www.apartments-ledrar.com\/sl\/wp-json\/wp\/v2\/comments?post=286228"}],"version-history":[{"count":11,"href":"https:\/\/www.apartments-ledrar.com\/sl\/wp-json\/wp\/v2\/pages\/286228\/revisions"}],"predecessor-version":[{"id":286336,"href":"https:\/\/www.apartments-ledrar.com\/sl\/wp-json\/wp\/v2\/pages\/286228\/revisions\/286336"}],"wp:featuredmedia":[{"embeddable":true,"href":"https:\/\/www.apartments-ledrar.com\/sl\/wp-json\/wp\/v2\/media\/286050"}],"wp:attachment":[{"href":"https:\/\/www.apartments-ledrar.com\/sl\/wp-json\/wp\/v2\/media?parent=286228"}],"curies":[{"name":"wp","href":"https:\/\/api.w.org\/{rel}","templated":true}]}}