{"id":788,"date":"2017-11-26T09:48:34","date_gmt":"2017-11-26T08:48:34","guid":{"rendered":"https:\/\/www.ledrar.com\/room-no-6\/"},"modified":"2026-03-18T14:50:12","modified_gmt":"2026-03-18T13:50:12","slug":"room-no-6","status":"publish","type":"page","link":"https:\/\/www.apartments-ledrar.com\/sl\/room-no-6\/","title":{"rendered":"ROOM No. 6"},"content":{"rendered":"<p>[et_pb_section fb_built=&#8221;1&#8243; fullwidth=&#8221;on&#8221; _builder_version=&#8221;4.16&#8243; global_colors_info=&#8221;{}&#8221;][et_pb_fullwidth_header title=&#8221;ROOM No. 6&#8243; subhead=&#8221;2 osebi&#8221; header_fullscreen=&#8221;on&#8221; header_scroll_down=&#8221;on&#8221; scroll_down_icon=&#8221;%%2%%&#8221; background_overlay_color=&#8221;rgba(0,0,0,0.21)&#8221; admin_label=&#8221;Fullwidth Header &#8211; ROOM No. 6&#8243; _builder_version=&#8221;4.21.0&#8243; title_font=&#8221;|700|||||||&#8221; title_text_align=&#8221;left&#8221; title_text_color=&#8221;#f48120&#8243; title_font_size=&#8221;56px&#8221; subhead_font_size=&#8221;35px&#8221; background_color=&#8221;rgba(255, 255, 255, 0)&#8221; background_image=&#8221;https:\/\/www.apartments-ledrar.com\/wp-content\/uploads\/2017\/11\/apartments-ledrar-bled-room6-1920-1080-1.jpg&#8221; title_font_size_tablet=&#8221;31px&#8221; title_font_size_phone=&#8221;25px&#8221; title_font_size_last_edited=&#8221;on|tablet&#8221; content_font_size_tablet=&#8221;&#8221; content_font_size_phone=&#8221;19px&#8221; content_font_size_last_edited=&#8221;on|desktop&#8221; subhead_font_size_tablet=&#8221;21px&#8221; subhead_font_size_phone=&#8221;17px&#8221; subhead_font_size_last_edited=&#8221;on|tablet&#8221; text_shadow_style=&#8221;preset1&#8243; global_colors_info=&#8221;{}&#8221; button_one_text_size__hover_enabled=&#8221;off&#8221; button_one_text_size__hover=&#8221;null&#8221; button_two_text_size__hover_enabled=&#8221;off&#8221; button_two_text_size__hover=&#8221;null&#8221; button_one_text_color__hover_enabled=&#8221;off&#8221; button_one_text_color__hover=&#8221;null&#8221; button_two_text_color__hover_enabled=&#8221;off&#8221; button_two_text_color__hover=&#8221;null&#8221; button_one_border_width__hover_enabled=&#8221;off&#8221; button_one_border_width__hover=&#8221;null&#8221; button_two_border_width__hover_enabled=&#8221;off&#8221; button_two_border_width__hover=&#8221;null&#8221; button_one_border_color__hover_enabled=&#8221;off&#8221; button_one_border_color__hover=&#8221;null&#8221; button_two_border_color__hover_enabled=&#8221;off&#8221; button_two_border_color__hover=&#8221;null&#8221; button_one_border_radius__hover_enabled=&#8221;off&#8221; button_one_border_radius__hover=&#8221;null&#8221; button_two_border_radius__hover_enabled=&#8221;off&#8221; button_two_border_radius__hover=&#8221;null&#8221; button_one_letter_spacing__hover_enabled=&#8221;off&#8221; button_one_letter_spacing__hover=&#8221;null&#8221; button_two_letter_spacing__hover_enabled=&#8221;off&#8221; button_two_letter_spacing__hover=&#8221;null&#8221; button_one_bg_color__hover_enabled=&#8221;off&#8221; button_one_bg_color__hover=&#8221;null&#8221; button_two_bg_color__hover_enabled=&#8221;off&#8221; button_two_bg_color__hover=&#8221;null&#8221;][\/et_pb_fullwidth_header][\/et_pb_section][et_pb_section fb_built=&#8221;1&#8243; _builder_version=&#8221;4.16&#8243; custom_padding=&#8221;|0px|0px|0px&#8221; global_colors_info=&#8221;{}&#8221;][et_pb_row _builder_version=&#8221;4.16&#8243; background_size=&#8221;initial&#8221; background_position=&#8221;top_left&#8221; background_repeat=&#8221;repeat&#8221; global_colors_info=&#8221;{}&#8221;][et_pb_column type=&#8221;4_4&#8243; _builder_version=&#8221;4.16&#8243; custom_padding=&#8221;|||&#8221; global_colors_info=&#8221;{}&#8221; custom_padding__hover=&#8221;|||&#8221;][et_pb_blurb title=&#8221;ROOM No. 6&#8243; admin_label=&#8221;Blurb &#8211; ROOM No. 6 &#8211; Dvoposteljna soba z lastno kopalnico. Velikost 14m2.&#8221; _builder_version=&#8221;4.16&#8243; header_level=&#8221;h2&#8243; text_orientation=&#8221;center&#8221; global_colors_info=&#8221;{}&#8221;]Dvoposteljna soba z lastno kopalnico. Velikost 14m2.<br \/>\n[\/et_pb_blurb][\/et_pb_column][\/et_pb_row][et_pb_row column_structure=&#8221;1_2,1_2&#8243; _builder_version=&#8221;4.16&#8243; background_size=&#8221;initial&#8221; background_position=&#8221;top_left&#8221; background_repeat=&#8221;repeat&#8221; global_colors_info=&#8221;{}&#8221; theme_builder_area=&#8221;post_content&#8221;][et_pb_column type=&#8221;1_2&#8243; _builder_version=&#8221;4.16&#8243; custom_padding=&#8221;|||&#8221; global_colors_info=&#8221;{}&#8221; custom_padding__hover=&#8221;|||&#8221; theme_builder_area=&#8221;post_content&#8221;][et_pb_text admin_label=&#8221;Text &#8211; Apartmaji Ledrar razpolaga z s tremi sobami in dvema apartmajema.&#8221; _builder_version=&#8221;4.16&#8243; text_font=&#8221;|300|||||||&#8221; global_colors_info=&#8221;{}&#8221; theme_builder_area=&#8221;post_content&#8221;]<\/p>\n<p>Apartmaji Ledrar razpolaga z s tremi sobami in dvema apartmajema. Prav v vsaki nastanitveni enoti smo se pri opremljanju maksimalno posvetili &#8211; mislili smo na vas, na to, da se boste v njih po\u010dutili kot doma.<br \/> Nastanitvene enote so prostorne, klimatizirane, udobne, opremljene v modernem slogu, s kakovostnim pohi\u0161tvom, ki ga nemote\u010de zdru\u017eujemo z nekaterimi sodobnimi informacijsko-komunikacijskimi tehnologijami (kabelska, TV, telefon). Oba apartmaja sta opremljena z najbolj sodobno kuhinjo in opremo.<br \/> Vse enote imajo svojo moderno opremljeno kopalnico s kabino za prhanje in drugimi interieri.<br \/> Vse nastanitvene enote se odpirajo na balkon, ki ga v toplej\u0161ih mesecih krasijo raznobarvne cvetlice. Kadarkoli lahko stopite nanj in vdihnete nekaj sve\u017eega blejskega zraka ali preprosto samo sedete ter u\u017eivate v razgledu.<br \/> Nastanitvene enote so opremljene z iskrivimi domislicami, drobna in ljube\u010da presene\u010denja, s katerimi vam \u017eelimo povedati, kako pomembni ste za nas. Z njimi in z drugimi pozornostmi vam rado\u017eivo in nevsiljivo sporo\u010damo, da se v \u010dasu bivanja pri nas po\u010dutite kot na\u0161 prijatelj, kot del na\u0161e dru\u017eine.<\/p>\n<p>[\/et_pb_text][et_pb_text _builder_version=&#8221;4.27.6&#8243; _module_preset=&#8221;default&#8221; hover_enabled=&#8221;0&#8243; global_colors_info=&#8221;{}&#8221; theme_builder_area=&#8221;post_content&#8221; sticky_enabled=&#8221;0&#8243;]<script src=\"\/\/www.bentral.com\/service\/embed\/price-list.js?uid=5f5459784e6a454d&#038;unit=5f5459784e6a454d&#038;id=5f6a6b774d515f4e&#038;width=full&#038;poweredby=0&#038;lang=sl&#038;key=3e16681fe8705a1cbc60b9cac5b2de13\"><\/script>[\/et_pb_text][\/et_pb_column][et_pb_column type=&#8221;1_2&#8243; _builder_version=&#8221;4.16&#8243; custom_padding=&#8221;|||&#8221; global_colors_info=&#8221;{}&#8221; custom_padding__hover=&#8221;|||&#8221; theme_builder_area=&#8221;post_content&#8221;][et_pb_text _builder_version=&#8221;4.27.6&#8243; _module_preset=&#8221;default&#8221; hover_enabled=&#8221;0&#8243; global_colors_info=&#8221;{}&#8221; theme_builder_area=&#8221;post_content&#8221; sticky_enabled=&#8221;0&#8243;]<\/p>\n<h3>Rezervacija<\/h3>\n<p><script src=\"\/\/www.bentral.com\/service\/embed\/booking.js?id=5f6a6b774d515f4e&#038;unit=5f5459784e6a454d&#038;width=full&#038;btn-bg=f5821f&#038;poweredby=0&#038;lang=sl&#038;key=3e16681fe8705a1cbc60b9cac5b2de13\"><\/script>[\/et_pb_text][\/et_pb_column][\/et_pb_row][et_pb_row _builder_version=&#8221;4.21.0&#8243; _module_preset=&#8221;default&#8221; locked=&#8221;off&#8221; global_colors_info=&#8221;{}&#8221;][et_pb_column type=&#8221;4_4&#8243; _builder_version=&#8221;4.21.0&#8243; _module_preset=&#8221;default&#8221; global_colors_info=&#8221;{}&#8221;][dsm_masonry_gallery gallery_ids=&#8221;553,549,545,541&#8243; columns=&#8221;2&#8243; use_lightbox=&#8221;on&#8221; use_horizontal_order=&#8221;off&#8221; use_zoom_on_hover=&#8221;on&#8221; columns_tablet=&#8221;2&#8243; columns_phone=&#8221;1&#8243; columns_last_edited=&#8221;on|desktop&#8221; _builder_version=&#8221;4.21.0&#8243; _module_preset=&#8221;default&#8221; locked=&#8221;off&#8221; global_colors_info=&#8221;{}&#8221;][\/dsm_masonry_gallery][\/et_pb_column][\/et_pb_row][\/et_pb_section][et_pb_section fb_built=&#8221;1&#8243; _builder_version=&#8221;4.21.0&#8243; background_color=&#8221;#F5F6F7&#8243; custom_padding=&#8221;||0px|&#8221; global_colors_info=&#8221;{}&#8221;][et_pb_row column_structure=&#8221;1_2,1_2&#8243; _builder_version=&#8221;4.19.4&#8243; _module_preset=&#8221;default&#8221; global_module=&#8221;285544&#8243; saved_tabs=&#8221;all&#8221; global_colors_info=&#8221;{}&#8221;][et_pb_column type=&#8221;1_2&#8243; _builder_version=&#8221;4.19.4&#8243; _module_preset=&#8221;default&#8221; global_colors_info=&#8221;{}&#8221;][et_pb_blurb title=&#8221;NASLOV&#8221; use_icon=&#8221;on&#8221; font_icon=&#8221;&#xf5a0;||fa||900&#8243; icon_color=&#8221;#F5821F&#8221; image_icon_width=&#8221;32px&#8221; admin_label=&#8221;NASLOV&#8221; _builder_version=&#8221;4.21.0&#8243; _module_preset=&#8221;default&#8221; header_font=&#8221;|700|||||||&#8221; header_text_color=&#8221;#F48120&#8243; body_font=&#8221;||||||||&#8221; body_text_color=&#8221;#464646&#8243; body_font_size=&#8221;15px&#8221; body_link_font=&#8221;|300|||||||&#8221; body_link_text_color=&#8221;#C6A67F&#8221; text_orientation=&#8221;center&#8221; background_layout=&#8221;dark&#8221; global_colors_info=&#8221;{}&#8221;]<\/p>\n<p><strong>APARTMAJI LEDRAR<\/strong><br \/>Mlinska cesta 19<br \/>SI-4260 Bled<br \/>Slovenjia<\/p>\n<p>[\/et_pb_blurb][\/et_pb_column][et_pb_column type=&#8221;1_2&#8243; _builder_version=&#8221;4.19.4&#8243; _module_preset=&#8221;default&#8221; global_colors_info=&#8221;{}&#8221;][et_pb_blurb title=&#8221;KONTAKT&#8221; use_icon=&#8221;on&#8221; font_icon=&#8221;&#xf2c2;||fa||400&#8243; icon_color=&#8221;#F5821F&#8221; image_icon_width=&#8221;32px&#8221; admin_label=&#8221;KONTAKT&#8221; _builder_version=&#8221;4.21.0&#8243; _module_preset=&#8221;default&#8221; header_font=&#8221;|700|||||||&#8221; header_text_color=&#8221;#F48120&#8243; body_font=&#8221;||||||||&#8221; body_text_color=&#8221;#464646&#8243; body_font_size=&#8221;15px&#8221; body_link_font=&#8221;||||||||&#8221; body_link_text_color=&#8221;#F5821F&#8221; text_orientation=&#8221;center&#8221; background_layout=&#8221;dark&#8221; global_colors_info=&#8221;{}&#8221;]<\/p>\n<p>Email: <a href=\"mailto:info@apartments-ledrar.com\" target=\"_blank\" rel=\"noopener\">info@apartments-ledrar.com<\/a><br \/>Telefon: 040 305 946<\/p>\n<p>[\/et_pb_blurb][\/et_pb_column][\/et_pb_row][\/et_pb_section]<\/p>\n","protected":false},"excerpt":{"rendered":"<p>Dvoposteljna soba z lastno kopalnico. Velikost 14m2. Apartmaji Ledrar razpolaga z s tremi sobami in dvema apartmajema. Prav v vsaki nastanitveni enoti smo se pri opremljanju maksimalno posvetili &#8211; mislili smo na vas, na to, da se boste v njih po\u010dutili kot doma. Nastanitvene enote so prostorne, klimatizirane, udobne, opremljene v modernem slogu, s kakovostnim pohi\u0161tvom, ki ga nemote\u010de zdru\u017eujemo z nekaterimi sodobnimi informacijsko-komunikacijskimi tehnologijami (kabelska, TV, telefon). Oba apartmaja sta opremljena z najbolj sodobno kuhinjo in opremo. Vse enote imajo svojo moderno opremljeno kopalnico s kabino za prhanje in drugimi interieri. Vse nastanitvene enote se odpirajo na balkon, ki ga v toplej\u0161ih mesecih krasijo raznobarvne cvetlice. Kadarkoli lahko stopite nanj in vdihnete nekaj sve\u017eega blejskega zraka ali preprosto samo sedete ter u\u017eivate v razgledu. Nastanitvene enote so opremljene z iskrivimi domislicami, drobna in ljube\u010da presene\u010denja, s katerimi vam \u017eelimo povedati, kako pomembni ste za nas. Z njimi in z drugimi pozornostmi vam rado\u017eivo in nevsiljivo sporo\u010damo, da se v \u010dasu bivanja pri nas po\u010dutite kot na\u0161 prijatelj, kot del na\u0161e dru\u017eine. Rezervacija <div class=\"et_pb_module dsm_masonry_gallery dsm_masonry_gallery_0\">\n\t\t\t\t\n\t\t\t\t\n\t\t\t\t\n\t\t\t\t\n\t\t\t\t\n\t\t\t\t\n\t\t\t\t<div class=\"et_pb_module_inner\">\n\t\t\t\t\t<div class=\"dsm-gallery grid dsm_masonry_zoom_hover\" data-lightbox=\"true\" data-horizontalorder=\"false\">\n                <div class=\"grid-sizer\"><\/div><div class=\"gutter-sizer\"><\/div><div class=\"grid-item\">\n                    <a href=\"https:\/\/www.apartments-ledrar.com\/wp-content\/uploads\/2017\/11\/02A3389-HDR.jpg\"  data-title='APARTMAJI LEDRAR BLED &#8211; ROOM NO. 6'  data-caption='' data-mfp-src=\"https:\/\/www.apartments-ledrar.com\/wp-content\/uploads\/2017\/11\/02A3389-HDR.jpg\">\n                        <div class=\"et_pb_image_wrap\">\n                            <img loading=\"lazy\" decoding=\"async\" src=\"https:\/\/www.apartments-ledrar.com\/wp-content\/uploads\/2017\/11\/02A3389-HDR.jpg\" title=\"APARTMAJI LEDRAR BLED &#8211; ROOM NO. 6\" alt=\"\" class=\"dsm-skip-lazyload\" srcset=\"https:\/\/www.apartments-ledrar.com\/wp-content\/uploads\/2017\/11\/02A3389-HDR.jpg 1080w, https:\/\/www.apartments-ledrar.com\/wp-content\/uploads\/2017\/11\/02A3389-HDR-300x200.jpg 300w, https:\/\/www.apartments-ledrar.com\/wp-content\/uploads\/2017\/11\/02A3389-HDR-768x512.jpg 768w, https:\/\/www.apartments-ledrar.com\/wp-content\/uploads\/2017\/11\/02A3389-HDR-1024x683.jpg 1024w\" sizes=\"(max-width: 1080px) 100vw, 1080px\" width=\"1080\" height=\"720\" \/>\n                            \n                        <\/div>\n                    <\/a>\n                <\/div><div class=\"grid-item\">\n                    <a href=\"https:\/\/www.apartments-ledrar.com\/wp-content\/uploads\/2017\/11\/02A3396-HDR.jpg\"  data-title='APARTMAJI LEDRAR BLED &#8211; ROOM NO. 6'  data-caption='' data-mfp-src=\"https:\/\/www.apartments-ledrar.com\/wp-content\/uploads\/2017\/11\/02A3396-HDR.jpg\">\n                        <div class=\"et_pb_image_wrap\">\n                            <img loading=\"lazy\" decoding=\"async\" src=\"https:\/\/www.apartments-ledrar.com\/wp-content\/uploads\/2017\/11\/02A3396-HDR.jpg\" title=\"APARTMAJI LEDRAR BLED &#8211; ROOM NO. 6\" alt=\"\" class=\"dsm-skip-lazyload\" srcset=\"https:\/\/www.apartments-ledrar.com\/wp-content\/uploads\/2017\/11\/02A3396-HDR.jpg 1080w, https:\/\/www.apartments-ledrar.com\/wp-content\/uploads\/2017\/11\/02A3396-HDR-300x200.jpg 300w, https:\/\/www.apartments-ledrar.com\/wp-content\/uploads\/2017\/11\/02A3396-HDR-768x512.jpg 768w, https:\/\/www.apartments-ledrar.com\/wp-content\/uploads\/2017\/11\/02A3396-HDR-1024x683.jpg 1024w\" sizes=\"(max-width: 1080px) 100vw, 1080px\" width=\"1080\" height=\"720\" \/>\n                            \n                        <\/div>\n                    <\/a>\n                <\/div><div class=\"grid-item\">\n                    <a href=\"https:\/\/www.apartments-ledrar.com\/wp-content\/uploads\/2017\/11\/02A3410-HDR.jpg\"  data-title='APARTMAJI LEDRAR BLED &#8211; ROOM NO. 6'  data-caption='' data-mfp-src=\"https:\/\/www.apartments-ledrar.com\/wp-content\/uploads\/2017\/11\/02A3410-HDR.jpg\">\n                        <div class=\"et_pb_image_wrap\">\n                            <img loading=\"lazy\" decoding=\"async\" src=\"https:\/\/www.apartments-ledrar.com\/wp-content\/uploads\/2017\/11\/02A3410-HDR.jpg\" title=\"APARTMAJI LEDRAR BLED &#8211; ROOM NO. 6\" alt=\"\" class=\"dsm-skip-lazyload\" srcset=\"https:\/\/www.apartments-ledrar.com\/wp-content\/uploads\/2017\/11\/02A3410-HDR.jpg 1080w, https:\/\/www.apartments-ledrar.com\/wp-content\/uploads\/2017\/11\/02A3410-HDR-300x200.jpg 300w, https:\/\/www.apartments-ledrar.com\/wp-content\/uploads\/2017\/11\/02A3410-HDR-768x512.jpg 768w, https:\/\/www.apartments-ledrar.com\/wp-content\/uploads\/2017\/11\/02A3410-HDR-1024x683.jpg 1024w\" sizes=\"(max-width: 1080px) 100vw, 1080px\" width=\"1080\" height=\"720\" \/>\n                            \n                        <\/div>\n                    <\/a>\n                <\/div><div class=\"grid-item\">\n                    <a href=\"https:\/\/www.apartments-ledrar.com\/wp-content\/uploads\/2017\/11\/02A3417-HDR.jpg\"  data-title='APARTMAJI LEDRAR BLED &#8211; ROOM NO. 6'  data-caption='' data-mfp-src=\"https:\/\/www.apartments-ledrar.com\/wp-content\/uploads\/2017\/11\/02A3417-HDR.jpg\">\n                        <div class=\"et_pb_image_wrap\">\n                            <img loading=\"lazy\" decoding=\"async\" src=\"https:\/\/www.apartments-ledrar.com\/wp-content\/uploads\/2017\/11\/02A3417-HDR.jpg\" title=\"APARTMAJI LEDRAR BLED &#8211; ROOM NO. 6\" alt=\"\" class=\"dsm-skip-lazyload\" srcset=\"https:\/\/www.apartments-ledrar.com\/wp-content\/uploads\/2017\/11\/02A3417-HDR.jpg 1080w, https:\/\/www.apartments-ledrar.com\/wp-content\/uploads\/2017\/11\/02A3417-HDR-300x200.jpg 300w, https:\/\/www.apartments-ledrar.com\/wp-content\/uploads\/2017\/11\/02A3417-HDR-768x512.jpg 768w, https:\/\/www.apartments-ledrar.com\/wp-content\/uploads\/2017\/11\/02A3417-HDR-1024x683.jpg 1024w\" sizes=\"(max-width: 1080px) 100vw, 1080px\" width=\"1080\" height=\"720\" \/>\n                            \n                        <\/div>\n                    <\/a>\n                <\/div>\n             <\/div>\n\t\t\t\t<\/div>\n\t\t\t<\/div>APARTMAJI LEDRARMlinska cesta 19SI-4260 BledSlovenjiaEmail: info@apartments-ledrar.comTelefon: 040 305 946<\/p>\n","protected":false},"author":1,"featured_media":0,"parent":0,"menu_order":6,"comment_status":"closed","ping_status":"closed","template":"","meta":{"_et_pb_use_builder":"on","_et_pb_old_content":"","_et_gb_content_width":"","footnotes":""},"class_list":["post-788","page","type-page","status-publish","hentry"],"aioseo_notices":[],"_links":{"self":[{"href":"https:\/\/www.apartments-ledrar.com\/sl\/wp-json\/wp\/v2\/pages\/788","targetHints":{"allow":["GET"]}}],"collection":[{"href":"https:\/\/www.apartments-ledrar.com\/sl\/wp-json\/wp\/v2\/pages"}],"about":[{"href":"https:\/\/www.apartments-ledrar.com\/sl\/wp-json\/wp\/v2\/types\/page"}],"author":[{"embeddable":true,"href":"https:\/\/www.apartments-ledrar.com\/sl\/wp-json\/wp\/v2\/users\/1"}],"replies":[{"embeddable":true,"href":"https:\/\/www.apartments-ledrar.com\/sl\/wp-json\/wp\/v2\/comments?post=788"}],"version-history":[{"count":15,"href":"https:\/\/www.apartments-ledrar.com\/sl\/wp-json\/wp\/v2\/pages\/788\/revisions"}],"predecessor-version":[{"id":286386,"href":"https:\/\/www.apartments-ledrar.com\/sl\/wp-json\/wp\/v2\/pages\/788\/revisions\/286386"}],"wp:attachment":[{"href":"https:\/\/www.apartments-ledrar.com\/sl\/wp-json\/wp\/v2\/media?parent=788"}],"curies":[{"name":"wp","href":"https:\/\/api.w.org\/{rel}","templated":true}]}}